{"id":1331,"date":"2023-07-13T15:44:40","date_gmt":"2023-07-13T13:44:40","guid":{"rendered":"https:\/\/sensecues.cat\/sobre-nosotros\/"},"modified":"2025-11-10T11:06:07","modified_gmt":"2025-11-10T10:06:07","slug":"sobre-nosotros","status":"publish","type":"page","link":"https:\/\/sensecues.cat\/es\/sobre-nosotros\/","title":{"rendered":"Sobre nosotros"},"content":{"rendered":"\t\t<div data-elementor-type=\"wp-page\" data-elementor-id=\"1331\" class=\"elementor elementor-1331 elementor-1318\" data-elementor-post-type=\"page\">\n\t\t\t\t<div class=\"elementor-element elementor-element-79e16fa e-flex e-con-boxed e-con e-parent\" data-id=\"79e16fa\" data-element_type=\"container\" data-settings=\"{&quot;background_background&quot;:&quot;classic&quot;}\">\n\t\t\t\t\t<div class=\"e-con-inner\">\n\t\t<div class=\"elementor-element elementor-element-7ab340b e-con-full e-flex e-con e-child\" data-id=\"7ab340b\" data-element_type=\"container\">\n\t\t\t\t<div class=\"elementor-element elementor-element-41a5aa8 elementor-widget elementor-widget-heading\" data-id=\"41a5aa8\" data-element_type=\"widget\" data-widget_type=\"heading.default\">\n\t\t\t\t\t<h1 class=\"elementor-heading-title elementor-size-default\">Guerrilla presenta<br><b>sensecues<\/b><\/h1>\t\t\t\t<\/div>\n\t\t\t\t<div class=\"elementor-element elementor-element-82d4d17 elementor-widget elementor-widget-heading\" data-id=\"82d4d17\" data-element_type=\"widget\" data-widget_type=\"heading.default\">\n\t\t\t\t\t<p class=\"elementor-heading-title elementor-size-default\">La tiquetera creada por profesionales del espect\u00e1culo.<\/p>\t\t\t\t<\/div>\n\t\t\t\t<\/div>\n\t\t\t\t\t<\/div>\n\t\t\t\t<\/div>\n\t\t<div class=\"elementor-element elementor-element-f6f98c0 e-flex e-con-boxed e-con e-parent\" data-id=\"f6f98c0\" data-element_type=\"container\">\n\t\t\t\t\t<div class=\"e-con-inner\">\n\t\t\t\t<div class=\"elementor-element elementor-element-eab8558 elementor-widget elementor-widget-text-editor\" data-id=\"eab8558\" data-element_type=\"widget\" data-widget_type=\"text-editor.default\">\n\t\t\t\t\t\t\t\t\t<p><span style=\"font-weight: 400;\">Sensecues es la plataforma de ticketing creada por Guerrilla, una productora con m\u00e1s de 25 a\u00f1os de experiencia en la organizaci\u00f3n de eventos y espect\u00e1culos. M\u00e1s de 2.000 funciones teatrales y un extenso recorrido en este mundo, avalan nuestra experiencia en el sector.<\/span><\/p>\n<p><span style=\"font-weight: 400;\">Nuestra trayectoria nos ha permitido adquirir un conocimiento concreto de las necesidades, las preocupaciones y los retos que se presentan durante todo el proceso de la venta y compra de entradas. Hemos sido testigos de las dificultades que los promotores afrontan en la gesti\u00f3n de las ventas, el control de acceso y otros aspectos esenciales para el \u00e9xito de un evento. Con esta visi\u00f3n hemos desarrollado sensecues, una soluci\u00f3n integral para satisfacer todas estas necesidades.<\/span><\/p>\n<p><span style=\"font-weight: 400;\">Nuestro valor es la sencillez y transparencia con todo el proceso, ofreciendo un trato personalizado, usando las empresas, profesionales y servidores m\u00e1s avanzados y de Km0 para proporcionar el mejor servicio.<\/span><\/p>\n<p><span style=\"font-weight: 400;\">\u00a1Con nosotros, se han terminado las colas!<\/span><\/p>\n\t\t\t\t\t\t\t\t<\/div>\n\t\t\t\t\t<\/div>\n\t\t\t\t<\/div>\n\t\t\t\t<\/div>\n\t\t","protected":false},"excerpt":{"rendered":"<p>Guerrilla presentasensecues La tiquetera creada por profesionales del espect\u00e1culo. Sensecues es la plataforma de ticketing creada por Guerrilla, una productora con m\u00e1s de 25 a\u00f1os de experiencia en la organizaci\u00f3n de eventos y espect\u00e1culos. M\u00e1s de 2.000 funciones teatrales y un extenso recorrido en este mundo, avalan nuestra experiencia en el sector. Nuestra trayectoria nos [&hellip;]<\/p>\n","protected":false},"author":1,"featured_media":0,"parent":0,"menu_order":0,"comment_status":"closed","ping_status":"closed","template":"","meta":{"_acf_changed":false,"footnotes":""},"class_list":["post-1331","page","type-page","status-publish","hentry"],"acf":[],"yoast_head":"<!-- This site is optimized with the Yoast SEO plugin v27.3 - https:\/\/yoast.com\/product\/yoast-seo-wordpress\/ -->\n<title>La ticketera creada por profesionales del espect\u00e1culo | Sensecues<\/title>\n<meta name=\"description\" content=\"Somos Sensecues, la plataforma de ticketing creada por Guerrilla, y te ofrecemos una gesti\u00f3n sencilla y sin colas para tus eventos y espect\u00e1culos.\" \/>\n<meta name=\"robots\" content=\"index, follow, max-snippet:-1, max-image-preview:large, max-video-preview:-1\" \/>\n<link rel=\"canonical\" href=\"https:\/\/sensecues.cat\/es\/sobre-nosotros\/\" \/>\n<meta property=\"og:locale\" content=\"es_ES\" \/>\n<meta property=\"og:type\" content=\"article\" \/>\n<meta property=\"og:title\" content=\"La ticketera creada por profesionales del espect\u00e1culo | Sensecues\" \/>\n<meta property=\"og:description\" content=\"Somos Sensecues, la plataforma de ticketing creada por Guerrilla, y te ofrecemos una gesti\u00f3n sencilla y sin colas para tus eventos y espect\u00e1culos.\" \/>\n<meta property=\"og:url\" content=\"https:\/\/sensecues.cat\/es\/sobre-nosotros\/\" \/>\n<meta property=\"og:site_name\" content=\"sensecues\" \/>\n<meta property=\"article:modified_time\" content=\"2025-11-10T10:06:07+00:00\" \/>\n<meta name=\"twitter:card\" content=\"summary_large_image\" \/>\n<meta name=\"twitter:label1\" content=\"Tiempo de lectura\" \/>\n\t<meta name=\"twitter:data1\" content=\"1 minuto\" \/>\n<script type=\"application\/ld+json\" class=\"yoast-schema-graph\">{\"@context\":\"https:\\\/\\\/schema.org\",\"@graph\":[{\"@type\":\"WebPage\",\"@id\":\"https:\\\/\\\/sensecues.cat\\\/es\\\/sobre-nosotros\\\/\",\"url\":\"https:\\\/\\\/sensecues.cat\\\/es\\\/sobre-nosotros\\\/\",\"name\":\"La ticketera creada por profesionales del espect\u00e1culo | Sensecues\",\"isPartOf\":{\"@id\":\"https:\\\/\\\/sensecues.cat\\\/es\\\/#website\"},\"datePublished\":\"2023-07-13T13:44:40+00:00\",\"dateModified\":\"2025-11-10T10:06:07+00:00\",\"description\":\"Somos Sensecues, la plataforma de ticketing creada por Guerrilla, y te ofrecemos una gesti\u00f3n sencilla y sin colas para tus eventos y espect\u00e1culos.\",\"breadcrumb\":{\"@id\":\"https:\\\/\\\/sensecues.cat\\\/es\\\/sobre-nosotros\\\/#breadcrumb\"},\"inLanguage\":\"es\",\"potentialAction\":[{\"@type\":\"ReadAction\",\"target\":[\"https:\\\/\\\/sensecues.cat\\\/es\\\/sobre-nosotros\\\/\"]}]},{\"@type\":\"BreadcrumbList\",\"@id\":\"https:\\\/\\\/sensecues.cat\\\/es\\\/sobre-nosotros\\\/#breadcrumb\",\"itemListElement\":[{\"@type\":\"ListItem\",\"position\":1,\"name\":\"Inici\",\"item\":\"https:\\\/\\\/sensecues.cat\\\/es\\\/\"},{\"@type\":\"ListItem\",\"position\":2,\"name\":\"Sobre nosotros\"}]},{\"@type\":\"WebSite\",\"@id\":\"https:\\\/\\\/sensecues.cat\\\/es\\\/#website\",\"url\":\"https:\\\/\\\/sensecues.cat\\\/es\\\/\",\"name\":\"sensecues\",\"description\":\"La primera plataforma de ticketing creada per una companyia d&#039;espectacles\",\"publisher\":{\"@id\":\"https:\\\/\\\/sensecues.cat\\\/es\\\/#organization\"},\"potentialAction\":[{\"@type\":\"SearchAction\",\"target\":{\"@type\":\"EntryPoint\",\"urlTemplate\":\"https:\\\/\\\/sensecues.cat\\\/es\\\/?s={search_term_string}\"},\"query-input\":{\"@type\":\"PropertyValueSpecification\",\"valueRequired\":true,\"valueName\":\"search_term_string\"}}],\"inLanguage\":\"es\"},{\"@type\":\"Organization\",\"@id\":\"https:\\\/\\\/sensecues.cat\\\/es\\\/#organization\",\"name\":\"sensecues\",\"url\":\"https:\\\/\\\/sensecues.cat\\\/es\\\/\",\"logo\":{\"@type\":\"ImageObject\",\"inLanguage\":\"es\",\"@id\":\"https:\\\/\\\/sensecues.cat\\\/es\\\/#\\\/schema\\\/logo\\\/image\\\/\",\"url\":\"https:\\\/\\\/sensecues.cat\\\/wp-content\\\/uploads\\\/2023\\\/06\\\/logo-sensecues.svg\",\"contentUrl\":\"https:\\\/\\\/sensecues.cat\\\/wp-content\\\/uploads\\\/2023\\\/06\\\/logo-sensecues.svg\",\"width\":185,\"height\":20,\"caption\":\"sensecues\"},\"image\":{\"@id\":\"https:\\\/\\\/sensecues.cat\\\/es\\\/#\\\/schema\\\/logo\\\/image\\\/\"}}]}<\/script>\n<!-- \/ Yoast SEO plugin. -->","yoast_head_json":{"title":"La ticketera creada por profesionales del espect\u00e1culo | Sensecues","description":"Somos Sensecues, la plataforma de ticketing creada por Guerrilla, y te ofrecemos una gesti\u00f3n sencilla y sin colas para tus eventos y espect\u00e1culos.","robots":{"index":"index","follow":"follow","max-snippet":"max-snippet:-1","max-image-preview":"max-image-preview:large","max-video-preview":"max-video-preview:-1"},"canonical":"https:\/\/sensecues.cat\/es\/sobre-nosotros\/","og_locale":"es_ES","og_type":"article","og_title":"La ticketera creada por profesionales del espect\u00e1culo | Sensecues","og_description":"Somos Sensecues, la plataforma de ticketing creada por Guerrilla, y te ofrecemos una gesti\u00f3n sencilla y sin colas para tus eventos y espect\u00e1culos.","og_url":"https:\/\/sensecues.cat\/es\/sobre-nosotros\/","og_site_name":"sensecues","article_modified_time":"2025-11-10T10:06:07+00:00","twitter_card":"summary_large_image","twitter_misc":{"Tiempo de lectura":"1 minuto"},"schema":{"@context":"https:\/\/schema.org","@graph":[{"@type":"WebPage","@id":"https:\/\/sensecues.cat\/es\/sobre-nosotros\/","url":"https:\/\/sensecues.cat\/es\/sobre-nosotros\/","name":"La ticketera creada por profesionales del espect\u00e1culo | Sensecues","isPartOf":{"@id":"https:\/\/sensecues.cat\/es\/#website"},"datePublished":"2023-07-13T13:44:40+00:00","dateModified":"2025-11-10T10:06:07+00:00","description":"Somos Sensecues, la plataforma de ticketing creada por Guerrilla, y te ofrecemos una gesti\u00f3n sencilla y sin colas para tus eventos y espect\u00e1culos.","breadcrumb":{"@id":"https:\/\/sensecues.cat\/es\/sobre-nosotros\/#breadcrumb"},"inLanguage":"es","potentialAction":[{"@type":"ReadAction","target":["https:\/\/sensecues.cat\/es\/sobre-nosotros\/"]}]},{"@type":"BreadcrumbList","@id":"https:\/\/sensecues.cat\/es\/sobre-nosotros\/#breadcrumb","itemListElement":[{"@type":"ListItem","position":1,"name":"Inici","item":"https:\/\/sensecues.cat\/es\/"},{"@type":"ListItem","position":2,"name":"Sobre nosotros"}]},{"@type":"WebSite","@id":"https:\/\/sensecues.cat\/es\/#website","url":"https:\/\/sensecues.cat\/es\/","name":"sensecues","description":"La primera plataforma de ticketing creada per una companyia d&#039;espectacles","publisher":{"@id":"https:\/\/sensecues.cat\/es\/#organization"},"potentialAction":[{"@type":"SearchAction","target":{"@type":"EntryPoint","urlTemplate":"https:\/\/sensecues.cat\/es\/?s={search_term_string}"},"query-input":{"@type":"PropertyValueSpecification","valueRequired":true,"valueName":"search_term_string"}}],"inLanguage":"es"},{"@type":"Organization","@id":"https:\/\/sensecues.cat\/es\/#organization","name":"sensecues","url":"https:\/\/sensecues.cat\/es\/","logo":{"@type":"ImageObject","inLanguage":"es","@id":"https:\/\/sensecues.cat\/es\/#\/schema\/logo\/image\/","url":"https:\/\/sensecues.cat\/wp-content\/uploads\/2023\/06\/logo-sensecues.svg","contentUrl":"https:\/\/sensecues.cat\/wp-content\/uploads\/2023\/06\/logo-sensecues.svg","width":185,"height":20,"caption":"sensecues"},"image":{"@id":"https:\/\/sensecues.cat\/es\/#\/schema\/logo\/image\/"}}]}},"_links":{"self":[{"href":"https:\/\/sensecues.cat\/es\/wp-json\/wp\/v2\/pages\/1331","targetHints":{"allow":["GET"]}}],"collection":[{"href":"https:\/\/sensecues.cat\/es\/wp-json\/wp\/v2\/pages"}],"about":[{"href":"https:\/\/sensecues.cat\/es\/wp-json\/wp\/v2\/types\/page"}],"author":[{"embeddable":true,"href":"https:\/\/sensecues.cat\/es\/wp-json\/wp\/v2\/users\/1"}],"replies":[{"embeddable":true,"href":"https:\/\/sensecues.cat\/es\/wp-json\/wp\/v2\/comments?post=1331"}],"version-history":[{"count":0,"href":"https:\/\/sensecues.cat\/es\/wp-json\/wp\/v2\/pages\/1331\/revisions"}],"wp:attachment":[{"href":"https:\/\/sensecues.cat\/es\/wp-json\/wp\/v2\/media?parent=1331"}],"curies":[{"name":"wp","href":"https:\/\/api.w.org\/{rel}","templated":true}]}}