{"id":2065,"date":"2024-02-19T17:18:07","date_gmt":"2024-02-19T16:18:07","guid":{"rendered":"https:\/\/sensecues.cat\/buscar-espectaculos\/"},"modified":"2025-11-10T11:01:29","modified_gmt":"2025-11-10T10:01:29","slug":"buscar-espectaculos","status":"publish","type":"page","link":"https:\/\/sensecues.cat\/es\/buscar-espectaculos\/","title":{"rendered":"Buscar espect\u00e1culos"},"content":{"rendered":"\t\t<div data-elementor-type=\"wp-page\" data-elementor-id=\"2065\" class=\"elementor elementor-2065 elementor-2048\" data-elementor-post-type=\"page\">\n\t\t\t\t<div class=\"elementor-element elementor-element-1f9fb36 e-flex e-con-boxed e-con e-parent\" data-id=\"1f9fb36\" data-element_type=\"container\" data-settings=\"{&quot;background_background&quot;:&quot;classic&quot;}\">\n\t\t\t\t\t<div class=\"e-con-inner\">\n\t\t\t\t\t<\/div>\n\t\t\t\t<\/div>\n\t\t<section class=\"elementor-element elementor-element-dbd27b4 e-flex e-con-boxed e-con e-parent\" data-id=\"dbd27b4\" data-element_type=\"container\">\n\t\t\t\t\t<div class=\"e-con-inner\">\n\t\t\t\t<div class=\"elementor-element elementor-element-9d04624 elementor-widget elementor-widget-cercador_home_widget\" data-id=\"9d04624\" data-element_type=\"widget\" data-widget_type=\"cercador_home_widget.default\">\n\t\t\t\t<div class=\"elementor-widget-container\">\n\t\t\t\t\t\t\t<search class=\"container-cercador\" id=\"container_general_cercador\">\n\t\t\t<form action=\"\/buscar-espectacles\" method=\"get\" accept-charset=\"utf-8\" id=\"form_cercador_9d04624\">\n\t\t\t\t<div class=\"container-inputs\">\n\t\t\t\t\t<input placeholder=\"Busca el teu espectacle\" id=\"cercador-home-9d04624\" type=\"text\" name=\"q\" value=\"\"  autocomplete=\"off\">\n\t\t\t\t\t<button type=\"submit\" id=\"boto-cercar\">\n\t\t\t\t\t\t<svg xmlns=\"http:\/\/www.w3.org\/2000\/svg\" width=\"44.684\" height=\"53.992\" viewBox=\"0 0 44.684 53.992\"><path d=\"M35.847,40.117A22.612,22.612,0,1,0,29.7,43.411l4.7,8.746a3.485,3.485,0,0,0,6.14-3.3ZM6.8,30.7a17.65,17.65,0,1,1,23.9,7.2A17.676,17.676,0,0,1,6.8,30.7\" transform=\"translate(0 0)\"\/><\/svg>\n\t\t\t\t\t<\/button>\n\t\t\t\t<\/div>\n\t\t\t<\/form>\n\t\t\t<div class=\"container-resultats\" id=\"container_cercador-9d04624\" style=\"display: none;\">\n\t\t\t\t<div class=\"resultats\" id=\"resultats_cercador-9d04624\"><\/div>\n\t\t\t <div id=\"cadena_trobats-9d04624\"><\/div>\n\t\t\t\t<p id=\"no-resultats\" class=\"no-resultats nodisplay\">No hi ha espectacles que responguin a aquesta cerca...<\/p>\n\t\t\t<\/div>\n\t\t<\/search>\n\t\t\t\t\t\t<\/div>\n\t\t\t\t<\/div>\n\t\t\t\t\t<\/div>\n\t\t\t\t<\/section>\n\t\t<section class=\"elementor-element elementor-element-a1d2098 e-flex e-con-boxed e-con e-parent\" data-id=\"a1d2098\" data-element_type=\"container\">\n\t\t\t\t\t<div class=\"e-con-inner\">\n\t\t<div class=\"elementor-element elementor-element-ed32b96 e-flex e-con-boxed e-con e-child\" data-id=\"ed32b96\" data-element_type=\"container\">\n\t\t\t\t\t<div class=\"e-con-inner\">\n\t\t\t\t<div class=\"elementor-element elementor-element-4aec2e0 elementor-widget elementor-widget-cercador_trobats\" data-id=\"4aec2e0\" data-element_type=\"widget\" data-widget_type=\"cercador_trobats.default\">\n\t\t\t\t<div class=\"elementor-widget-container\">\n\t\t\t\t\t\t\t\t<div class=\"cercador-trobats\">\n\t\t\t\tEspectacles trobats de\t\t\t\t\"<span id=\"cadena_trobats\"><\/span>\"\n\t\t\t<\/div>\n\t\t\t\t\t\t<\/div>\n\t\t\t\t<\/div>\n\t\t\t\t\t<\/div>\n\t\t\t\t<\/div>\n\t\t\t\t<div class=\"elementor-element elementor-element-f6d414a elementor-widget elementor-widget-cercador_resultats\" data-id=\"f6d414a\" data-element_type=\"widget\" data-widget_type=\"cercador_resultats.default\">\n\t\t\t\t<div class=\"elementor-widget-container\">\n\t\t\t\t\t\t\t <section class=\"container-resultats\">\n\t\t\t<!-- input ocult que el JS llegir\u00e0 -->\n\t\t\t<input type=\"hidden\" id=\"cercador\" value=\"\">\n\t\t\t<!-- opcional: on imprimir el terme -->\n\t\t\t<div id=\"cadena_trobats\" style=\"display:none;\"><\/div>\n\n\t\t\t<div class=\"cercador-resultats\" id=\"resultats_plana\"><\/div>\n\t\t\t<p class=\"no-resultats\" id=\"no-resultats-plana\" style=\"display:none;\">\n          No s\u2019han trobat espectacles que coincideixin amb la teva cerca. \t\t\t<\/p>\n\t\t <\/section>\n\n\t\t <script>\n         jQuery(function($){\n             var terme = $('#cercador').val();\n             if (terme) {\n                 envia_cerca('plana');\n             } else {\n                 $('#no-resultats-plana').show();\n             }\n         });\n\t\t <\/script>\n        \t\t\t\t<\/div>\n\t\t\t\t<\/div>\n\t\t\t\t\t<\/div>\n\t\t\t\t<\/section>\n\t\t\t\t<\/div>\n\t\t","protected":false},"excerpt":{"rendered":"<p>No hi ha espectacles que responguin a aquesta cerca&#8230; Espectacles trobats de \u00ab\u00bb No s\u2019han trobat espectacles que coincideixin amb la teva cerca.<\/p>\n","protected":false},"author":1,"featured_media":0,"parent":0,"menu_order":1,"comment_status":"closed","ping_status":"closed","template":"","meta":{"_acf_changed":false,"footnotes":""},"class_list":["post-2065","page","type-page","status-publish","hentry"],"acf":[],"yoast_head":"<!-- This site is optimized with the Yoast SEO plugin v27.4 - https:\/\/yoast.com\/product\/yoast-seo-wordpress\/ -->\n<title>Compra de entradas para espect\u00e1culos | Sensecues<\/title>\n<meta name=\"description\" content=\"Compra aqu\u00ed tus entradas para espect\u00e1culos de una manera r\u00e1pida, segura y sin colas.\" \/>\n<meta name=\"robots\" content=\"index, follow, max-snippet:-1, max-image-preview:large, max-video-preview:-1\" \/>\n<link rel=\"canonical\" href=\"https:\/\/sensecues.cat\/es\/buscar-espectaculos\/\" \/>\n<meta property=\"og:locale\" content=\"es_ES\" \/>\n<meta property=\"og:type\" content=\"article\" \/>\n<meta property=\"og:title\" content=\"Compra de entradas para espect\u00e1culos | Sensecues\" \/>\n<meta property=\"og:description\" content=\"Compra aqu\u00ed tus entradas para espect\u00e1culos de una manera r\u00e1pida, segura y sin colas.\" \/>\n<meta property=\"og:url\" content=\"https:\/\/sensecues.cat\/es\/buscar-espectaculos\/\" \/>\n<meta property=\"og:site_name\" content=\"sensecues\" \/>\n<meta property=\"article:modified_time\" content=\"2025-11-10T10:01:29+00:00\" \/>\n<meta name=\"twitter:card\" content=\"summary_large_image\" \/>\n<meta name=\"twitter:label1\" content=\"Tiempo de lectura\" \/>\n\t<meta name=\"twitter:data1\" content=\"1 minuto\" \/>\n<script type=\"application\/ld+json\" class=\"yoast-schema-graph\">{\"@context\":\"https:\\\/\\\/schema.org\",\"@graph\":[{\"@type\":\"WebPage\",\"@id\":\"https:\\\/\\\/sensecues.cat\\\/es\\\/buscar-espectaculos\\\/\",\"url\":\"https:\\\/\\\/sensecues.cat\\\/es\\\/buscar-espectaculos\\\/\",\"name\":\"Compra de entradas para espect\u00e1culos | Sensecues\",\"isPartOf\":{\"@id\":\"https:\\\/\\\/sensecues.cat\\\/es\\\/#website\"},\"datePublished\":\"2024-02-19T16:18:07+00:00\",\"dateModified\":\"2025-11-10T10:01:29+00:00\",\"description\":\"Compra aqu\u00ed tus entradas para espect\u00e1culos de una manera r\u00e1pida, segura y sin colas.\",\"breadcrumb\":{\"@id\":\"https:\\\/\\\/sensecues.cat\\\/es\\\/buscar-espectaculos\\\/#breadcrumb\"},\"inLanguage\":\"es\",\"potentialAction\":[{\"@type\":\"ReadAction\",\"target\":[\"https:\\\/\\\/sensecues.cat\\\/es\\\/buscar-espectaculos\\\/\"]}]},{\"@type\":\"BreadcrumbList\",\"@id\":\"https:\\\/\\\/sensecues.cat\\\/es\\\/buscar-espectaculos\\\/#breadcrumb\",\"itemListElement\":[{\"@type\":\"ListItem\",\"position\":1,\"name\":\"Inici\",\"item\":\"https:\\\/\\\/sensecues.cat\\\/es\\\/\"},{\"@type\":\"ListItem\",\"position\":2,\"name\":\"Buscar espect\u00e1culos\"}]},{\"@type\":\"WebSite\",\"@id\":\"https:\\\/\\\/sensecues.cat\\\/es\\\/#website\",\"url\":\"https:\\\/\\\/sensecues.cat\\\/es\\\/\",\"name\":\"sensecues\",\"description\":\"La primera plataforma de ticketing creada per una companyia d&#039;espectacles\",\"publisher\":{\"@id\":\"https:\\\/\\\/sensecues.cat\\\/es\\\/#organization\"},\"potentialAction\":[{\"@type\":\"SearchAction\",\"target\":{\"@type\":\"EntryPoint\",\"urlTemplate\":\"https:\\\/\\\/sensecues.cat\\\/es\\\/?s={search_term_string}\"},\"query-input\":{\"@type\":\"PropertyValueSpecification\",\"valueRequired\":true,\"valueName\":\"search_term_string\"}}],\"inLanguage\":\"es\"},{\"@type\":\"Organization\",\"@id\":\"https:\\\/\\\/sensecues.cat\\\/es\\\/#organization\",\"name\":\"sensecues\",\"url\":\"https:\\\/\\\/sensecues.cat\\\/es\\\/\",\"logo\":{\"@type\":\"ImageObject\",\"inLanguage\":\"es\",\"@id\":\"https:\\\/\\\/sensecues.cat\\\/es\\\/#\\\/schema\\\/logo\\\/image\\\/\",\"url\":\"https:\\\/\\\/sensecues.cat\\\/wp-content\\\/uploads\\\/2023\\\/06\\\/logo-sensecues.svg\",\"contentUrl\":\"https:\\\/\\\/sensecues.cat\\\/wp-content\\\/uploads\\\/2023\\\/06\\\/logo-sensecues.svg\",\"width\":185,\"height\":20,\"caption\":\"sensecues\"},\"image\":{\"@id\":\"https:\\\/\\\/sensecues.cat\\\/es\\\/#\\\/schema\\\/logo\\\/image\\\/\"}}]}<\/script>\n<!-- \/ Yoast SEO plugin. -->","yoast_head_json":{"title":"Compra de entradas para espect\u00e1culos | Sensecues","description":"Compra aqu\u00ed tus entradas para espect\u00e1culos de una manera r\u00e1pida, segura y sin colas.","robots":{"index":"index","follow":"follow","max-snippet":"max-snippet:-1","max-image-preview":"max-image-preview:large","max-video-preview":"max-video-preview:-1"},"canonical":"https:\/\/sensecues.cat\/es\/buscar-espectaculos\/","og_locale":"es_ES","og_type":"article","og_title":"Compra de entradas para espect\u00e1culos | Sensecues","og_description":"Compra aqu\u00ed tus entradas para espect\u00e1culos de una manera r\u00e1pida, segura y sin colas.","og_url":"https:\/\/sensecues.cat\/es\/buscar-espectaculos\/","og_site_name":"sensecues","article_modified_time":"2025-11-10T10:01:29+00:00","twitter_card":"summary_large_image","twitter_misc":{"Tiempo de lectura":"1 minuto"},"schema":{"@context":"https:\/\/schema.org","@graph":[{"@type":"WebPage","@id":"https:\/\/sensecues.cat\/es\/buscar-espectaculos\/","url":"https:\/\/sensecues.cat\/es\/buscar-espectaculos\/","name":"Compra de entradas para espect\u00e1culos | Sensecues","isPartOf":{"@id":"https:\/\/sensecues.cat\/es\/#website"},"datePublished":"2024-02-19T16:18:07+00:00","dateModified":"2025-11-10T10:01:29+00:00","description":"Compra aqu\u00ed tus entradas para espect\u00e1culos de una manera r\u00e1pida, segura y sin colas.","breadcrumb":{"@id":"https:\/\/sensecues.cat\/es\/buscar-espectaculos\/#breadcrumb"},"inLanguage":"es","potentialAction":[{"@type":"ReadAction","target":["https:\/\/sensecues.cat\/es\/buscar-espectaculos\/"]}]},{"@type":"BreadcrumbList","@id":"https:\/\/sensecues.cat\/es\/buscar-espectaculos\/#breadcrumb","itemListElement":[{"@type":"ListItem","position":1,"name":"Inici","item":"https:\/\/sensecues.cat\/es\/"},{"@type":"ListItem","position":2,"name":"Buscar espect\u00e1culos"}]},{"@type":"WebSite","@id":"https:\/\/sensecues.cat\/es\/#website","url":"https:\/\/sensecues.cat\/es\/","name":"sensecues","description":"La primera plataforma de ticketing creada per una companyia d&#039;espectacles","publisher":{"@id":"https:\/\/sensecues.cat\/es\/#organization"},"potentialAction":[{"@type":"SearchAction","target":{"@type":"EntryPoint","urlTemplate":"https:\/\/sensecues.cat\/es\/?s={search_term_string}"},"query-input":{"@type":"PropertyValueSpecification","valueRequired":true,"valueName":"search_term_string"}}],"inLanguage":"es"},{"@type":"Organization","@id":"https:\/\/sensecues.cat\/es\/#organization","name":"sensecues","url":"https:\/\/sensecues.cat\/es\/","logo":{"@type":"ImageObject","inLanguage":"es","@id":"https:\/\/sensecues.cat\/es\/#\/schema\/logo\/image\/","url":"https:\/\/sensecues.cat\/wp-content\/uploads\/2023\/06\/logo-sensecues.svg","contentUrl":"https:\/\/sensecues.cat\/wp-content\/uploads\/2023\/06\/logo-sensecues.svg","width":185,"height":20,"caption":"sensecues"},"image":{"@id":"https:\/\/sensecues.cat\/es\/#\/schema\/logo\/image\/"}}]}},"_links":{"self":[{"href":"https:\/\/sensecues.cat\/es\/wp-json\/wp\/v2\/pages\/2065","targetHints":{"allow":["GET"]}}],"collection":[{"href":"https:\/\/sensecues.cat\/es\/wp-json\/wp\/v2\/pages"}],"about":[{"href":"https:\/\/sensecues.cat\/es\/wp-json\/wp\/v2\/types\/page"}],"author":[{"embeddable":true,"href":"https:\/\/sensecues.cat\/es\/wp-json\/wp\/v2\/users\/1"}],"replies":[{"embeddable":true,"href":"https:\/\/sensecues.cat\/es\/wp-json\/wp\/v2\/comments?post=2065"}],"version-history":[{"count":0,"href":"https:\/\/sensecues.cat\/es\/wp-json\/wp\/v2\/pages\/2065\/revisions"}],"wp:attachment":[{"href":"https:\/\/sensecues.cat\/es\/wp-json\/wp\/v2\/media?parent=2065"}],"curies":[{"name":"wp","href":"https:\/\/api.w.org\/{rel}","templated":true}]}}